{"id":145,"date":"2018-01-26T14:59:02","date_gmt":"2018-01-26T14:59:02","guid":{"rendered":"http:\/\/localhost\/signflow\/?page_id=145"},"modified":"2024-04-21T12:24:54","modified_gmt":"2024-04-21T12:24:54","slug":"hakkimizda","status":"publish","type":"page","link":"https:\/\/mimartilastik.com\/index.php\/hakkimizda\/","title":{"rendered":"Hakk\u0131m\u0131zda"},"content":{"rendered":"<p>{&#8220;main-title&#8221;:{&#8220;component&#8221;:&#8221;hc_title&#8221;,&#8221;id&#8221;:&#8221;main-title&#8221;,&#8221;title&#8221;:&#8221;About us one&#8221;,&#8221;subtitle&#8221;:&#8221;&#8221;,&#8221;title_content&#8221;:{&#8220;component&#8221;:&#8221;hc_title_empty&#8221;,&#8221;id&#8221;:&#8221;title-empty&#8221;}},&#8221;section_5ZtkF&#8221;:{&#8220;component&#8221;:&#8221;hc_section&#8221;,&#8221;id&#8221;:&#8221;section_5ZtkF&#8221;,&#8221;section_width&#8221;:&#8221;&#8221;,&#8221;animation&#8221;:&#8221;&#8221;,&#8221;animation_time&#8221;:&#8221;&#8221;,&#8221;timeline_animation&#8221;:&#8221;&#8221;,&#8221;timeline_delay&#8221;:&#8221;&#8221;,&#8221;timeline_order&#8221;:&#8221;&#8221;,&#8221;vertical_row&#8221;:&#8221;true&#8221;,&#8221;box_middle&#8221;:&#8221;&#8221;,&#8221;css_classes&#8221;:&#8221;&#8221;,&#8221;custom_css_classes&#8221;:&#8221;&#8221;,&#8221;custom_css_styles&#8221;:&#8221;&#8221;,&#8221;section_content&#8221;:[{&#8220;component&#8221;:&#8221;hc_column&#8221;,&#8221;id&#8221;:&#8221;column_5ZtkF&#8221;,&#8221;column_width&#8221;:&#8221;col-md-7&#8243;,&#8221;animation&#8221;:&#8221;&#8221;,&#8221;animation_time&#8221;:&#8221;&#8221;,&#8221;timeline_animation&#8221;:&#8221;&#8221;,&#8221;timeline_delay&#8221;:&#8221;&#8221;,&#8221;timeline_order&#8221;:&#8221;&#8221;,&#8221;css_classes&#8221;:&#8221;col-sm-6 &#8220;,&#8221;custom_css_classes&#8221;:&#8221;&#8221;,&#8221;custom_css_styles&#8221;:&#8221;&#8221;,&#8221;main_content&#8221;:[{&#8220;component&#8221;:&#8221;hc_subtitle&#8221;,&#8221;id&#8221;:&#8221;RrAU6&#8243;,&#8221;css_classes&#8221;:&#8221;&#8221;,&#8221;custom_css_classes&#8221;:&#8221;&#8221;,&#8221;custom_css_styles&#8221;:&#8221;&#8221;,&#8221;title&#8221;:&#8221;Hakk\u0131m\u0131zda&#8221;,&#8221;subtitle&#8221;:&#8221;Mimart\u0131 Lastik, A\u011fustos 2020 y\u0131l\u0131ndan beri Lastik ticareti yapan, her t\u00fcrl\u00fc motorlu otomobil, otob\u00fcs ,kamyon, kamyonet lastikleri, zirai makinalar\u0131n lastiklerini, \u0130\u015f makinas\u0131 lastiklerinin al\u0131m-sat\u0131m\u0131 ve tamiri ile ilgili m\u00fc\u015fterilerine hizmet vermektedir.&#8221;,&#8221;icon&#8221;:&#8221;&#8221;,&#8221;style&#8221;:&#8221;base&#8221;,&#8221;alignment&#8221;:&#8221;text-left&#8221;,&#8221;scroll_top&#8221;:true}]},{&#8220;component&#8221;:&#8221;hc_column&#8221;,&#8221;id&#8221;:&#8221;column_ZPny5&#8243;,&#8221;column_width&#8221;:&#8221;col-md-5&#8243;,&#8221;animation&#8221;:&#8221;&#8221;,&#8221;animation_time&#8221;:&#8221;&#8221;,&#8221;timeline_animation&#8221;:&#8221;&#8221;,&#8221;timeline_delay&#8221;:&#8221;&#8221;,&#8221;timeline_order&#8221;:&#8221;&#8221;,&#8221;css_classes&#8221;:&#8221;col-sm-6 &#8220;,&#8221;custom_css_classes&#8221;:&#8221;&#8221;,&#8221;custom_css_styles&#8221;:&#8221;&#8221;,&#8221;main_content&#8221;:[{&#8220;component&#8221;:&#8221;hc_image&#8221;,&#8221;id&#8221;:&#8221;hm8U7&#8243;,&#8221;css_classes&#8221;:&#8221;&#8221;,&#8221;custom_css_classes&#8221;:&#8221;&#8221;,&#8221;custom_css_styles&#8221;:&#8221;&#8221;,&#8221;image&#8221;:&#8221;https:\/\/mimartilastik.com\/wp-content\/uploads\/2024\/04\/Tire.png|937|1024|999955883&#8243;,&#8221;alt&#8221;:&#8221;&#8221;,&#8221;thumb_size&#8221;:&#8221;large&#8221;}]}],&#8221;section_settings&#8221;:&#8221;&#8221;},&#8221;section_NLjvy&#8221;:{&#8220;component&#8221;:&#8221;hc_section&#8221;,&#8221;id&#8221;:&#8221;section_NLjvy&#8221;,&#8221;section_width&#8221;:&#8221;&#8221;,&#8221;animation&#8221;:&#8221;&#8221;,&#8221;animation_time&#8221;:&#8221;&#8221;,&#8221;timeline_animation&#8221;:&#8221;&#8221;,&#8221;timeline_delay&#8221;:&#8221;&#8221;,&#8221;timeline_order&#8221;:&#8221;&#8221;,&#8221;vertical_row&#8221;:&#8221;&#8221;,&#8221;box_middle&#8221;:&#8221;&#8221;,&#8221;css_classes&#8221;:&#8221;&#8221;,&#8221;custom_css_classes&#8221;:&#8221;&#8221;,&#8221;custom_css_styles&#8221;:&#8221;&#8221;,&#8221;section_content&#8221;:[{&#8220;component&#8221;:&#8221;hc_column&#8221;,&#8221;id&#8221;:&#8221;column_alJgu&#8221;,&#8221;column_width&#8221;:&#8221;col-md-12&#8243;,&#8221;animation&#8221;:&#8221;&#8221;,&#8221;animation_time&#8221;:&#8221;&#8221;,&#8221;timeline_animation&#8221;:&#8221;&#8221;,&#8221;timeline_delay&#8221;:&#8221;&#8221;,&#8221;timeline_order&#8221;:&#8221;&#8221;,&#8221;css_classes&#8221;:&#8221;&#8221;,&#8221;custom_css_classes&#8221;:&#8221;&#8221;,&#8221;custom_css_styles&#8221;:&#8221;&#8221;,&#8221;main_content&#8221;:[{&#8220;component&#8221;:&#8221;hc_space&#8221;,&#8221;id&#8221;:&#8221;j00BH&#8221;,&#8221;css_classes&#8221;:&#8221;&#8221;,&#8221;custom_css_classes&#8221;:&#8221;&#8221;,&#8221;custom_css_styles&#8221;:&#8221;&#8221;,&#8221;size&#8221;:&#8221;xs&#8221;,&#8221;height&#8221;:&#8221;&#8221;}]}],&#8221;section_settings&#8221;:&#8221;&#8221;},&#8221;scripts&#8221;:{},&#8221;css&#8221;:{},&#8221;css_page&#8221;:&#8221;&#8221;,&#8221;template_setting&#8221;:{&#8220;settings&#8221;:{&#8220;id&#8221;:&#8221;settings&#8221;}},&#8221;template_setting_top&#8221;:{},&#8221;page_setting&#8221;:{&#8220;settings&#8221;:[&#8220;lock-mode-off&#8221;]}}<\/p>\n","protected":false},"excerpt":{"rendered":"<p>{&#8220;main-title&#8221;:{&#8220;component&#8221;:&#8221;hc_title&#8221;,&#8221;id&#8221;:&#8221;main-title&#8221;,&#8221;title&#8221;:&#8221;About us one&#8221;,&#8221;subtitle&#8221;:&#8221;&#8221;,&#8221;title_content&#8221;:{&#8220;component&#8221;:&#8221;hc_title_empty&#8221;,&#8221;id&#8221;:&#8221;title-empty&#8221;}},&#8221;section_5ZtkF&#8221;:{&#8220;component&#8221;:&#8221;hc_section&#8221;,&#8221;id&#8221;:&#8221;section_5ZtkF&#8221;,&#8221;section_width&#8221;:&#8221;&#8221;,&#8221;animation&#8221;:&#8221;&#8221;,&#8221;animation_time&#8221;:&#8221;&#8221;,&#8221;timeline_animation&#8221;:&#8221;&#8221;,&#8221;timeline_delay&#8221;:&#8221;&#8221;,&#8221;timeline_order&#8221;:&#8221;&#8221;,&#8221;vertical_row&#8221;:&#8221;true&#8221;,&#8221;box_middle&#8221;:&#8221;&#8221;,&#8221;css_classes&#8221;:&#8221;&#8221;,&#8221;custom_css_classes&#8221;:&#8221;&#8221;,&#8221;custom_css_styles&#8221;:&#8221;&#8221;,&#8221;section_content&#8221;:[{&#8220;component&#8221;:&#8221;hc_column&#8221;,&#8221;id&#8221;:&#8221;column_5ZtkF&#8221;,&#8221;column_width&#8221;:&#8221;col-md-7&#8243;,&#8221;animation&#8221;:&#8221;&#8221;,&#8221;animation_time&#8221;:&#8221;&#8221;,&#8221;timeline_animation&#8221;:&#8221;&#8221;,&#8221;timeline_delay&#8221;:&#8221;&#8221;,&#8221;timeline_order&#8221;:&#8221;&#8221;,&#8221;css_classes&#8221;:&#8221;col-sm-6 &#8220;,&#8221;custom_css_classes&#8221;:&#8221;&#8221;,&#8221;custom_css_styles&#8221;:&#8221;&#8221;,&#8221;main_content&#8221;:[{&#8220;component&#8221;:&#8221;hc_subtitle&#8221;,&#8221;id&#8221;:&#8221;RrAU6&#8243;,&#8221;css_classes&#8221;:&#8221;&#8221;,&#8221;custom_css_classes&#8221;:&#8221;&#8221;,&#8221;custom_css_styles&#8221;:&#8221;&#8221;,&#8221;title&#8221;:&#8221;Hakk\u0131m\u0131zda&#8221;,&#8221;subtitle&#8221;:&#8221;Mimart\u0131 Lastik, A\u011fustos 2020 y\u0131l\u0131ndan beri Lastik ticareti yapan, her t\u00fcrl\u00fc motorlu otomobil, otob\u00fcs ,kamyon, kamyonet lastikleri, zirai makinalar\u0131n lastiklerini, \u0130\u015f makinas\u0131 lastiklerinin al\u0131m-sat\u0131m\u0131 ve tamiri ile ilgili m\u00fc\u015fterilerine hizmet vermektedir.&#8221;,&#8221;icon&#8221;:&#8221;&#8221;,&#8221;style&#8221;:&#8221;base&#8221;,&#8221;alignment&#8221;:&#8221;text-left&#8221;,&#8221;scroll_top&#8221;:true}]},{&#8220;component&#8221;:&#8221;hc_column&#8221;,&#8221;id&#8221;:&#8221;column_ZPny5&#8243;,&#8221;column_width&#8221;:&#8221;col-md-5&#8243;,&#8221;animation&#8221;:&#8221;&#8221;,&#8221;animation_time&#8221;:&#8221;&#8221;,&#8221;timeline_animation&#8221;:&#8221;&#8221;,&#8221;timeline_delay&#8221;:&#8221;&#8221;,&#8221;timeline_order&#8221;:&#8221;&#8221;,&#8221;css_classes&#8221;:&#8221;col-sm-6 &#8220;,&#8221;custom_css_classes&#8221;:&#8221;&#8221;,&#8221;custom_css_styles&#8221;:&#8221;&#8221;,&#8221;main_content&#8221;:[{&#8220;component&#8221;:&#8221;hc_image&#8221;,&#8221;id&#8221;:&#8221;hm8U7&#8243;,&#8221;css_classes&#8221;:&#8221;&#8221;,&#8221;custom_css_classes&#8221;:&#8221;&#8221;,&#8221;custom_css_styles&#8221;:&#8221;&#8221;,&#8221;image&#8221;:&#8221;https:\/\/mimartilastik.com\/wp-content\/uploads\/2024\/04\/Tire.png|937|1024|999955883&#8243;,&#8221;alt&#8221;:&#8221;&#8221;,&#8221;thumb_size&#8221;:&#8221;large&#8221;}]}],&#8221;section_settings&#8221;:&#8221;&#8221;},&#8221;section_NLjvy&#8221;:{&#8220;component&#8221;:&#8221;hc_section&#8221;,&#8221;id&#8221;:&#8221;section_NLjvy&#8221;,&#8221;section_width&#8221;:&#8221;&#8221;,&#8221;animation&#8221;:&#8221;&#8221;,&#8221;animation_time&#8221;:&#8221;&#8221;,&#8221;timeline_animation&#8221;:&#8221;&#8221;,&#8221;timeline_delay&#8221;:&#8221;&#8221;,&#8221;timeline_order&#8221;:&#8221;&#8221;,&#8221;vertical_row&#8221;:&#8221;&#8221;,&#8221;box_middle&#8221;:&#8221;&#8221;,&#8221;css_classes&#8221;:&#8221;&#8221;,&#8221;custom_css_classes&#8221;:&#8221;&#8221;,&#8221;custom_css_styles&#8221;:&#8221;&#8221;,&#8221;section_content&#8221;:[{&#8220;component&#8221;:&#8221;hc_column&#8221;,&#8221;id&#8221;:&#8221;column_alJgu&#8221;,&#8221;column_width&#8221;:&#8221;col-md-12&#8243;,&#8221;animation&#8221;:&#8221;&#8221;,&#8221;animation_time&#8221;:&#8221;&#8221;,&#8221;timeline_animation&#8221;:&#8221;&#8221;,&#8221;timeline_delay&#8221;:&#8221;&#8221;,&#8221;timeline_order&#8221;:&#8221;&#8221;,&#8221;css_classes&#8221;:&#8221;&#8221;,&#8221;custom_css_classes&#8221;:&#8221;&#8221;,&#8221;custom_css_styles&#8221;:&#8221;&#8221;,&#8221;main_content&#8221;:[{&#8220;component&#8221;:&#8221;hc_space&#8221;,&#8221;id&#8221;:&#8221;j00BH&#8221;,&#8221;css_classes&#8221;:&#8221;&#8221;,&#8221;custom_css_classes&#8221;:&#8221;&#8221;,&#8221;custom_css_styles&#8221;:&#8221;&#8221;,&#8221;size&#8221;:&#8221;xs&#8221;,&#8221;height&#8221;:&#8221;&#8221;}]}],&#8221;section_settings&#8221;:&#8221;&#8221;},&#8221;scripts&#8221;:{},&#8221;css&#8221;:{},&#8221;css_page&#8221;:&#8221;&#8221;,&#8221;template_setting&#8221;:{&#8220;settings&#8221;:{&#8220;id&#8221;:&#8221;settings&#8221;}},&#8221;template_setting_top&#8221;:{},&#8221;page_setting&#8221;:{&#8220;settings&#8221;:[&#8220;lock-mode-off&#8221;]}}<\/p>\n","protected":false},"author":1,"featured_media":0,"parent":0,"menu_order":0,"comment_status":"closed","ping_status":"closed","template":"","meta":{"footnotes":""},"class_list":["post-145","page","type-page","status-publish","hentry"],"_links":{"self":[{"href":"https:\/\/mimartilastik.com\/index.php\/wp-json\/wp\/v2\/pages\/145","targetHints":{"allow":["GET"]}}],"collection":[{"href":"https:\/\/mimartilastik.com\/index.php\/wp-json\/wp\/v2\/pages"}],"about":[{"href":"https:\/\/mimartilastik.com\/index.php\/wp-json\/wp\/v2\/types\/page"}],"author":[{"embeddable":true,"href":"https:\/\/mimartilastik.com\/index.php\/wp-json\/wp\/v2\/users\/1"}],"replies":[{"embeddable":true,"href":"https:\/\/mimartilastik.com\/index.php\/wp-json\/wp\/v2\/comments?post=145"}],"version-history":[{"count":22,"href":"https:\/\/mimartilastik.com\/index.php\/wp-json\/wp\/v2\/pages\/145\/revisions"}],"predecessor-version":[{"id":999955901,"href":"https:\/\/mimartilastik.com\/index.php\/wp-json\/wp\/v2\/pages\/145\/revisions\/999955901"}],"wp:attachment":[{"href":"https:\/\/mimartilastik.com\/index.php\/wp-json\/wp\/v2\/media?parent=145"}],"curies":[{"name":"wp","href":"https:\/\/api.w.org\/{rel}","templated":true}]}}